{"id":1251,"date":"2022-11-27T18:21:47","date_gmt":"2022-11-27T17:21:47","guid":{"rendered":"https:\/\/www.llgrosist.si\/?page_id=1251"},"modified":"2023-12-03T16:17:03","modified_gmt":"2023-12-03T15:17:03","slug":"safety-data-sheets","status":"publish","type":"page","link":"https:\/\/www.llgrosist.si\/en\/publications\/safety-data-sheets\/","title":{"rendered":"Safety data sheets"},"content":{"rendered":"\n<p><a href=\"https:\/\/www.llgrosist.si\/wp-content\/uploads\/2022\/11\/acetocaustin.pdf\">Acetocaustin<\/a><\/p>\n\n\n\n<p><a href=\"https:\/\/www.llgrosist.si\/wp-content\/uploads\/2022\/11\/abasaglar.pdf\">Abasaglar<\/a><\/p>\n\n\n\n<p><a href=\"https:\/\/www.llgrosist.si\/wp-content\/uploads\/2022\/11\/after-bite-kids-krema.pdf\">After Bite Kids krema<\/a><\/p>\n\n\n\n<p><a href=\"https:\/\/www.llgrosist.si\/wp-content\/uploads\/2022\/11\/pic-ice-spray-hladilni-sprej-vl-slo-rev1.pdf\">Artsana sport hladilno pr\u0161ilo<\/a><\/p>\n\n\n\n<p><a href=\"https:\/\/www.llgrosist.si\/wp-content\/uploads\/2022\/11\/bacillol-30-tissues.pdf\">Bacillol rob\u010dki<\/a><\/p>\n\n\n\n<p><a href=\"https:\/\/www.llgrosist.si\/wp-content\/uploads\/2022\/11\/bens-30-prsilo.pdf\">Bens 30 pr\u0161ilo<\/a><\/p>\n\n\n\n<p><a href=\"https:\/\/www.llgrosist.si\/wp-content\/uploads\/2022\/11\/bens-natural-prsilo.pdf\">Bens natural pr\u0161ilo<\/a><\/p>\n\n\n\n<p><a href=\"https:\/\/www.llgrosist.si\/wp-content\/uploads\/2022\/11\/bionect-silverspray-si.pdf\">Bionect Silverspray<\/a><\/p>\n\n\n\n<p><a href=\"https:\/\/www.llgrosist.si\/wp-content\/uploads\/2022\/11\/cicatridina-prsilo-1.pdf\">Cicatridina pr\u0161ilo<\/a><\/p>\n\n\n\n<p><a href=\"https:\/\/www.llgrosist.si\/wp-content\/uploads\/2022\/11\/corega-cistilne-tablete.pdf\">Corega \u010distilne tablete<\/a><\/p>\n\n\n\n<p><a href=\"https:\/\/www.llgrosist.si\/wp-content\/uploads\/2022\/11\/desderman-pure-gel-2017-clp.pdf\">Desderman pure gel<\/a><\/p>\n\n\n\n<p><a href=\"https:\/\/www.llgrosist.si\/wp-content\/uploads\/2022\/11\/desderman-pure-razt.pdf\">Desderman pure razt<\/a><\/p>\n\n\n\n<p><a href=\"https:\/\/www.llgrosist.si\/wp-content\/uploads\/2022\/11\/desmanol-pure-2017-clp.pdf\">Desmanol pure razt<\/a><\/p>\n\n\n\n<p><a href=\"https:\/\/www.llgrosist.si\/wp-content\/uploads\/2022\/11\/vl-dezikim-derm-s1.pdf\">Dezikim derm S1<\/a><\/p>\n\n\n\n<p><a href=\"https:\/\/www.llgrosist.si\/wp-content\/uploads\/2022\/11\/ecocid-s-v61-2019-12-09.pdf\">Ecocid<\/a><\/p>\n\n\n\n<p><a href=\"https:\/\/www.llgrosist.si\/wp-content\/uploads\/2022\/11\/effect-25-ec.pdf\">Effect 25 EC<\/a><\/p>\n\n\n\n<p><a href=\"https:\/\/www.llgrosist.si\/wp-content\/uploads\/2022\/11\/effect-ghurka-protect.pdf\">Effect Ghurka protect<\/a><\/p>\n\n\n\n<p><a href=\"https:\/\/www.llgrosist.si\/wp-content\/uploads\/2022\/11\/effect-insekticid-proti-osam-in-srsenom.pdf\">Effect insekticid proti osam in sr\u0161enom<\/a><\/p>\n\n\n\n<p><a href=\"https:\/\/www.llgrosist.si\/wp-content\/uploads\/2022\/11\/excalibur-proimikrobni-sprej-za-obutev.pdf\">Excalibur protimikrobni sprej za obutev<\/a><\/p>\n\n\n\n<p><a href=\"https:\/\/www.llgrosist.si\/wp-content\/uploads\/2022\/11\/forth-past-za-mravlje.pdf\">Forth past za mravlje<\/a><\/p>\n\n\n\n<p><a href=\"https:\/\/www.llgrosist.si\/wp-content\/uploads\/2022\/11\/forth-plus-proti-komarjem.pdf\">Forth plus proti komarjem<\/a><\/p>\n\n\n\n<p><a href=\"https:\/\/www.llgrosist.si\/wp-content\/uploads\/2022\/11\/vl-forth-repelent-proti-komarjem.pdf\">Forth repelent proti komarjem<\/a><\/p>\n\n\n\n<p><a href=\"https:\/\/www.llgrosist.si\/wp-content\/uploads\/2022\/11\/vl-forth-proti-klopom.pdf\">Forth sprej proti klopom<\/a><\/p>\n\n\n\n<p><a href=\"https:\/\/www.llgrosist.si\/wp-content\/uploads\/2022\/11\/forth-vlozek-za-elektricni-uparjalnik-proti-komarjem.pdf\">Forth vlo\u017eek za elektri\u010dni uparjalnik proti komarjem<\/a><\/p>\n\n\n\n<p><a href=\"https:\/\/www.llgrosist.si\/wp-content\/uploads\/2022\/11\/hansaplast-losjon-proti-insektom.pdf\">Hansaplast losjon proti insektom<\/a><\/p>\n\n\n\n<p><a href=\"https:\/\/www.llgrosist.si\/wp-content\/uploads\/2022\/11\/hansaplast-prsilo-film-obliz.pdf\">Hansaplast pr\u0161ilo film obli\u017e<\/a><\/p>\n\n\n\n<p><a href=\"https:\/\/www.llgrosist.si\/wp-content\/uploads\/2022\/11\/hansaplast-prsilo-insekti.pdf\">Hansaplast pr\u0161ilo insekti<\/a><\/p>\n\n\n\n<p><a href=\"https:\/\/www.llgrosist.si\/wp-content\/uploads\/2022\/11\/hemoclin-gel.pdf\">Hemoclin gel<\/a><\/p>\n\n\n\n<p><a href=\"https:\/\/www.llgrosist.si\/wp-content\/uploads\/2022\/11\/histria-etericno-olje-ciprese.pdf\">Histria eteri\u010dno olje ciprese<\/a><\/p>\n\n\n\n<p><a href=\"https:\/\/www.llgrosist.si\/wp-content\/uploads\/2022\/11\/histria-etericno-olje-istrske-sivke.pdf\">Histria eteri\u010dno olje istrske sivke<\/a><\/p>\n\n\n\n<p><a href=\"https:\/\/www.llgrosist.si\/wp-content\/uploads\/2022\/11\/histria-etericno-olje-kraskega-setraja.pdf\">Histria eteri\u010dno olje kra\u0161kega \u0161etraja<\/a><\/p>\n\n\n\n<p><a href=\"https:\/\/www.llgrosist.si\/wp-content\/uploads\/2022\/11\/histria-etericno-olje-lovorovega-lista.pdf\">Histria eteri\u010dno olje lovorovega lista<\/a><\/p>\n\n\n\n<p><a href=\"https:\/\/www.llgrosist.si\/wp-content\/uploads\/2022\/11\/histria-etericno-olje-melise.pdf\">Histria eteri\u010dno olje melise<\/a><\/p>\n\n\n\n<p><a href=\"https:\/\/www.llgrosist.si\/wp-content\/uploads\/2022\/11\/histria-etericno-olje-rmana.pdf\">Histria eteri\u010dno olje rmana<\/a><\/p>\n\n\n\n<p><a href=\"https:\/\/www.llgrosist.si\/wp-content\/uploads\/2022\/11\/histria-etericno-olje-rozmarina.pdf\">Histria eteri\u010dno olje ro\u017emarina<\/a><\/p>\n\n\n\n<p><a href=\"https:\/\/www.llgrosist.si\/wp-content\/uploads\/2022\/11\/histria-etericno-olje-smilja.pdf\">Histria eteri\u010dno olje smilja<\/a><\/p>\n\n\n\n<p><a href=\"https:\/\/www.llgrosist.si\/wp-content\/uploads\/2022\/11\/humalog.pdf\">Humalog<\/a><\/p>\n\n\n\n<p><a href=\"https:\/\/www.llgrosist.si\/wp-content\/uploads\/2022\/11\/humalog-junior.pdf\">Humalog Junior<\/a><\/p>\n\n\n\n<p><a href=\"https:\/\/www.llgrosist.si\/wp-content\/uploads\/2022\/11\/ice-power-cold-spray.pdf\">Ice Power Cold spray<\/a><\/p>\n\n\n\n<p><a href=\"https:\/\/www.llgrosist.si\/wp-content\/uploads\/2022\/11\/jungle-formula-kids.pdf\">Jungle formula kids<\/a><\/p>\n\n\n\n<p><a href=\"https:\/\/www.llgrosist.si\/wp-content\/uploads\/2022\/11\/jungle-formula-maximum-original-prsilo.pdf\">Jungle formula maximum original pr\u0161ilo<\/a><\/p>\n\n\n\n<p><a href=\"https:\/\/www.llgrosist.si\/wp-content\/uploads\/2022\/11\/jungle-formula-maximum-ticks-prsilo.pdf\">Jungle formula maximum Ticks pr\u0161ilo<\/a><\/p>\n\n\n\n<p><a href=\"https:\/\/www.llgrosist.si\/wp-content\/uploads\/2022\/11\/jungle-formula-strong-original-prsilo.pdf\">Jungle formula strong original pr\u0161ilo<\/a><\/p>\n\n\n\n<p><a href=\"https:\/\/www.llgrosist.si\/wp-content\/uploads\/2022\/11\/jungle-formula-zapestnica-proti-komarjem.pdf\">Jungle formula zapestnica proti komarjem<\/a><\/p>\n\n\n\n<p><a href=\"https:\/\/www.llgrosist.si\/wp-content\/uploads\/2022\/11\/kadermin-prah-rane-prsilo-125ml.pdf\">Kadermin prah rane pr\u0161ilo 125ml<\/a><\/p>\n\n\n\n<p><a href=\"https:\/\/www.llgrosist.si\/wp-content\/uploads\/2022\/11\/neuropad-pena-za-diab-stopalo.pdf\">Neuropad pena za diabeti\u010dno stopalo<\/a><\/p>\n\n\n\n<p><a href=\"https:\/\/www.llgrosist.si\/wp-content\/uploads\/2022\/11\/neva-130-alkoholno-razkuzilo-za-roke.pdf\">Neva 130 alkoholno razku\u017eilo za roke<\/a><\/p>\n\n\n\n<p><a href=\"https:\/\/www.llgrosist.si\/wp-content\/uploads\/2022\/11\/oasis-tablete-za-dezinfekcijo-vode.pdf\">Oasis tablete za dezinfekcijo vode<\/a><\/p>\n\n\n\n<p><a href=\"https:\/\/www.llgrosist.si\/wp-content\/uploads\/2022\/11\/orphea-losjon-komar-klopi-100ml.pdf\">Orphea Losjon 100ml, komar, klopi<\/a><\/p>\n\n\n\n<p><a href=\"https:\/\/www.llgrosist.si\/wp-content\/uploads\/2022\/11\/orphea-prsilo-komar-klopi.pdf\">Orphea pr\u0161ilo komar, klopi<\/a><\/p>\n\n\n\n<p><a href=\"https:\/\/www.llgrosist.si\/wp-content\/uploads\/2022\/11\/orphea-safari-gel-po-piku.pdf\">Orphea Safari gel po piku<\/a><\/p>\n\n\n\n<p><a href=\"https:\/\/www.llgrosist.si\/wp-content\/uploads\/2022\/11\/panthenol-jojoba-spray.pdf\">Panthenol Jojoba Spray<\/a><\/p>\n\n\n\n<p><a href=\"https:\/\/www.llgrosist.si\/wp-content\/uploads\/2022\/11\/paranit-prsilo-za-dom-brez-usi.pdf\">Paranit pr\u0161ilo za dom brez u\u0161i<\/a><\/p>\n\n\n\n<p><a href=\"https:\/\/www.llgrosist.si\/wp-content\/uploads\/2022\/11\/paranit-prsilo-zascita-pred-usmi.pdf\">Paranit pr\u0161ilo_za\u0161\u010dita pred u\u0161mi<\/a><\/p>\n\n\n\n<p><a href=\"https:\/\/www.llgrosist.si\/wp-content\/uploads\/2022\/11\/perskindol-active-spray-107-13perskindol-classic-spray-107-13-sl.pdf\">Perskindol Active Spray<\/a><\/p>\n\n\n\n<p><a href=\"https:\/\/www.llgrosist.si\/wp-content\/uploads\/2022\/11\/pha-kozne-kapljice.pdf\">PHA ko\u017ene kapljice<\/a><\/p>\n\n\n\n<p><a href=\"https:\/\/www.llgrosist.si\/wp-content\/uploads\/2022\/11\/pha-prsilo-za-dom-macka.pdf\">PHA pr\u0161ilo za dom_ma\u010dka<\/a><\/p>\n\n\n\n<p><a href=\"https:\/\/www.llgrosist.si\/wp-content\/uploads\/2022\/11\/pha-prsilo-za-dom-pes.pdf\">PHA pr\u0161ilo za dom_pes<\/a><\/p>\n\n\n\n<p><a href=\"https:\/\/www.llgrosist.si\/wp-content\/uploads\/2022\/11\/pha-ovratnice.pdf\">PHA za\u0161\u010ditne ovratnice<\/a><\/p>\n\n\n\n<p><a href=\"https:\/\/www.llgrosist.si\/wp-content\/uploads\/2022\/11\/phago-rub-gel-sps.pdf\">Phago Rub gel<\/a><\/p>\n\n\n\n<p><a href=\"https:\/\/www.llgrosist.si\/wp-content\/uploads\/2022\/11\/powersept-prsilo.pdf\">Powersept pr\u0161ilo<\/a><\/p>\n\n\n\n<p><a href=\"https:\/\/www.llgrosist.si\/wp-content\/uploads\/2022\/11\/promanum-pure-04122017.pdf\">Promanum Pure razt<\/a><\/p>\n\n\n\n<p><a href=\"https:\/\/www.llgrosist.si\/wp-content\/uploads\/2022\/11\/pulitor-dezinfekcijski-gel-2020.pdf\">Pulitol gel<\/a><\/p>\n\n\n\n<p><a href=\"https:\/\/www.llgrosist.si\/wp-content\/uploads\/2022\/11\/raid-liquido-30-notti-clp-si-826547826548.pdf\">Raid teko\u010dina 30 no\u010di<\/a><\/p>\n\n\n\n<p><a href=\"https:\/\/www.llgrosist.si\/wp-content\/uploads\/2022\/11\/raid-liquido-60-notti-clp-si-826551.pdf\">Raid teko\u010dina 60 no\u010di<\/a><\/p>\n\n\n\n<p><a href=\"https:\/\/www.llgrosist.si\/wp-content\/uploads\/2022\/11\/raid-liquido-eucalipto-clp-si-826549.pdf\">Raid teko\u010dina evkalipt<\/a><\/p>\n\n\n\n<p><a href=\"https:\/\/www.llgrosist.si\/wp-content\/uploads\/2022\/11\/raid-night-day-clp-si-826550.pdf\">Raid night&amp;day komplet<\/a><\/p>\n\n\n\n<p><a href=\"https:\/\/www.llgrosist.si\/wp-content\/uploads\/2022\/11\/raid-piastrine-zanzare-inodore-clp-si-826553.pdf\">Raid tablete 30x<\/a><\/p>\n\n\n\n<p><a href=\"https:\/\/www.llgrosist.si\/wp-content\/uploads\/2022\/11\/raid-piastrine-zanzare-clp-si-826552.pdf\">Raid el.aparat+tablete 10x<\/a><\/p>\n\n\n\n<p><a href=\"https:\/\/www.llgrosist.si\/wp-content\/uploads\/2022\/11\/salvusept.pdf\">Salvusept<\/a><\/p>\n\n\n\n<p><a href=\"https:\/\/www.llgrosist.si\/wp-content\/uploads\/2022\/11\/scholl-express-2v1.pdf\">Scholl Express 2v1<\/a><\/p>\n\n\n\n<p><a href=\"https:\/\/www.llgrosist.si\/wp-content\/uploads\/2022\/11\/scholl-express-za-odstranjevanje-glivic-nohti.pdf\">Scholl Express za odstranjevanje glivic na nohtih<\/a><\/p>\n\n\n\n<p><a href=\"https:\/\/www.llgrosist.si\/wp-content\/uploads\/2022\/11\/septec-hand-sanitizer-clp-rev.pdf\">Septec Hand Sanitizer razku\u017eilo 60ml<\/a><\/p>\n\n\n\n<p><a href=\"https:\/\/www.llgrosist.si\/wp-content\/uploads\/2022\/11\/sinusan-etericno-olje-japonske-mete.pdf\">Sinusan eteri\u010dno olje japonske mete<\/a><\/p>\n\n\n\n<p><a href=\"https:\/\/www.llgrosist.si\/wp-content\/uploads\/2022\/11\/starbalm-handsanitizer.pdf\">Starbalm razku\u017eilo<\/a><\/p>\n\n\n\n<p><a href=\"https:\/\/www.llgrosist.si\/wp-content\/uploads\/2022\/11\/steril-o-med-kids-razprsilo.pdf\">Steril-o-med kids razpr\u0161ilo<\/a><\/p>\n\n\n\n<p><a href=\"https:\/\/www.llgrosist.si\/wp-content\/uploads\/2022\/11\/steril-o-med-kids-robcki.pdf\">Steril-o-med kids rob\u010dki<\/a><\/p>\n\n\n\n<p><a href=\"https:\/\/www.llgrosist.si\/wp-content\/uploads\/2022\/11\/steril-o-med-razprsilo.pdf\">Steril-o-med razpr\u0161ilo<\/a><\/p>\n\n\n\n<p><a href=\"https:\/\/www.llgrosist.si\/wp-content\/uploads\/2022\/11\/steril-o-med-robcki.pdf\">Steril-o-med rob\u010dki<\/a><\/p>\n\n\n\n<p><a href=\"https:\/\/www.llgrosist.si\/wp-content\/uploads\/2023\/03\/stick-off-verzija-20.pdf\">Stick-off<\/a><\/p>\n\n\n\n<p>Tea tree olje \u010dajevca<\/p>\n\n\n\n<p><a href=\"https:\/\/www.llgrosist.si\/wp-content\/uploads\/2022\/11\/tonimer-hypertonic.pdf\">Tonimer hypertonic<\/a><\/p>\n\n\n\n<p><a href=\"https:\/\/www.llgrosist.si\/wp-content\/uploads\/2022\/11\/tonimer-isononic-baby-normal-soft-strong.pdf\">Tonimer isotonic_Baby, Normal, Soft, Strong<\/a><\/p>\n\n\n\n<p><a href=\"https:\/\/www.llgrosist.si\/wp-content\/uploads\/2022\/11\/tonimer-panthexyl.pdf\">Tonimer panthexyl<\/a><\/p>\n\n\n\n<p><a href=\"https:\/\/www.llgrosist.si\/wp-content\/uploads\/2022\/11\/trulicity.pdf\">Trulicity<\/a><\/p>\n\n\n\n<p><a href=\"https:\/\/www.llgrosist.si\/wp-content\/uploads\/2022\/11\/urgo-filmogel-glivicne-okuzbe-nohtov.pdf\">Urgo filmogel glivi\u010dne oku\u017ebe nohtov<\/a><\/p>\n\n\n\n<p><a href=\"https:\/\/www.llgrosist.si\/wp-content\/uploads\/2022\/11\/urgo-filmogel-herpes.pdf\">Urgo filmogel herpes<\/a><\/p>\n\n\n\n<p><a href=\"https:\/\/www.llgrosist.si\/wp-content\/uploads\/2022\/11\/urgo-filmogel-kozne-razpoke.pdf\">Urgo filmogel ko\u017ene razpoke<\/a><\/p>\n\n\n\n<p><a href=\"https:\/\/www.llgrosist.si\/wp-content\/uploads\/2022\/11\/urgo-filmogel-za-afte.pdf\">Urgo filmogel za afte<\/a><\/p>\n\n\n\n<p><a href=\"https:\/\/www.llgrosist.si\/wp-content\/uploads\/2022\/11\/urgo-proti-bradavicam.pdf\">Urgo proti bradavicam<\/a><\/p>\n\n\n\n<p><a href=\"https:\/\/www.llgrosist.si\/wp-content\/uploads\/2022\/11\/urgo-filmogel-proti-mozoljem.pdf\">Urgo proti mozoljem<\/a><\/p>\n\n\n\n<p><a href=\"https:\/\/www.llgrosist.si\/wp-content\/uploads\/2022\/11\/veno-spray.pdf\">Veno Spray<\/a><\/p>\n\n\n\n<p><a href=\"https:\/\/www.llgrosist.si\/wp-content\/uploads\/2022\/11\/verrukill-verrustop-prsilo-za-bradavice-en.pdf\">Verrukill-Verrustop pr\u0161ilo za bradavice_EN<\/a><\/p>\n\n\n\n<p><a href=\"https:\/\/www.llgrosist.si\/wp-content\/uploads\/2022\/11\/verrukill-verrustop-prsilo-za-bradavice-si.pdf\">Verrukill-Verrustop pr\u0161ilo za bradavice_SI<\/a><\/p>\n\n\n\n<p><a href=\"https:\/\/www.llgrosist.si\/wp-content\/uploads\/2022\/11\/varnostni-list-vitagyn-pena-sds-ginexid-2015-en-rev07.pdf\">Vitagyn pena<\/a><\/p>\n\n\n\n<p><a href=\"https:\/\/www.llgrosist.si\/wp-content\/uploads\/2023\/03\/vitry-laki-za-nohte.pdf\">Vitry laki za nohte<\/a><\/p>\n\n\n\n<p><a href=\"https:\/\/www.llgrosist.si\/wp-content\/uploads\/2022\/11\/vitry-cpnp-nail-polish-remover-magic-touch.pdf\">Vitry Nail polish remover_CPNP<\/a><\/p>\n\n\n\n<p><a href=\"https:\/\/www.llgrosist.si\/wp-content\/uploads\/2022\/11\/vitry-safety-data-sheet-msds-nail-polish-remover-magic-touch.pdf\">Vitry Nail polish remover_Safety Data Sheet<\/a><\/p>\n\n\n\n<p><a href=\"https:\/\/www.llgrosist.si\/wp-content\/uploads\/2022\/11\/vitry-cpnp-sensitive-nail-repair-care.pdf\">Vitry Sensitive nail repair care_CPNP<\/a><\/p>\n\n\n\n<p><a href=\"https:\/\/www.llgrosist.si\/wp-content\/uploads\/2022\/11\/vitry-safety-data-sheet-msds-sensitive-nail-repair-care.pdf\">Vitry Sensitive nail repair care_Safety Data Sheet<\/a><\/p>\n\n\n\n<p><a href=\"https:\/\/www.llgrosist.si\/wp-content\/uploads\/2022\/11\/wasp-away-odganjalec-os.pdf\">Wasp away odganjalec os<\/a><\/p>\n","protected":false},"excerpt":{"rendered":"<p>Acetocaustin Abasaglar After Bite Kids krema Artsana sport hladilno pr\u0161ilo Bacillol rob\u010dki Bens 30 pr\u0161ilo Bens natural pr\u0161ilo Bionect Silverspray Cicatridina pr\u0161ilo Corega \u010distilne tablete Desderman pure gel Desderman pure razt Desmanol pure razt Dezikim derm S1 Ecocid Effect 25 EC Effect Ghurka protect Effect insekticid proti osam in sr\u0161enom Excalibur protimikrobni sprej za obutev [&hellip;]<\/p>\n","protected":false},"author":1,"featured_media":812,"parent":1247,"menu_order":0,"comment_status":"closed","ping_status":"closed","template":"","meta":{"inline_featured_image":false,"footnotes":""},"acf":[],"yoast_head":"<!-- This site is optimized with the Yoast SEO plugin v21.6 - https:\/\/yoast.com\/wordpress\/plugins\/seo\/ -->\r\n<title>Safety data sheets | LL Grosist<\/title>\r\n<meta name=\"robots\" content=\"index, follow, max-snippet:-1, max-image-preview:large, max-video-preview:-1\" \/>\r\n<link rel=\"canonical\" href=\"https:\/\/www.llgrosist.si\/en\/publications\/safety-data-sheets\/\" \/>\r\n<meta property=\"og:locale\" content=\"en_US\" \/>\r\n<meta property=\"og:type\" content=\"article\" \/>\r\n<meta property=\"og:title\" content=\"Safety data sheets | LL Grosist\" \/>\r\n<meta property=\"og:description\" content=\"Acetocaustin Abasaglar After Bite Kids krema Artsana sport hladilno pr\u0161ilo Bacillol rob\u010dki Bens 30 pr\u0161ilo Bens natural pr\u0161ilo Bionect Silverspray Cicatridina pr\u0161ilo Corega \u010distilne tablete Desderman pure gel Desderman pure razt Desmanol pure razt Dezikim derm S1 Ecocid Effect 25 EC Effect Ghurka protect Effect insekticid proti osam in sr\u0161enom Excalibur protimikrobni sprej za obutev [&hellip;]\" \/>\r\n<meta property=\"og:url\" content=\"https:\/\/www.llgrosist.si\/en\/publications\/safety-data-sheets\/\" \/>\r\n<meta property=\"og:site_name\" content=\"LL Grosist\" \/>\r\n<meta property=\"article:modified_time\" content=\"2023-12-03T15:17:03+00:00\" \/>\r\n<meta property=\"og:image\" content=\"https:\/\/www.llgrosist.si\/wp-content\/uploads\/revslider\/yummy-burgers1\/LL-Grosist_Main.jpg\" \/>\r\n\t<meta property=\"og:image:width\" content=\"1920\" \/>\r\n\t<meta property=\"og:image:height\" content=\"1080\" \/>\r\n\t<meta property=\"og:image:type\" content=\"image\/jpeg\" \/>\r\n<meta name=\"twitter:card\" content=\"summary_large_image\" \/>\r\n<meta name=\"twitter:label1\" content=\"Est. reading time\" \/>\n\t<meta name=\"twitter:data1\" content=\"3 minutes\" \/>\r\n<script type=\"application\/ld+json\" class=\"yoast-schema-graph\">{\"@context\":\"https:\/\/schema.org\",\"@graph\":[{\"@type\":\"WebPage\",\"@id\":\"https:\/\/www.llgrosist.si\/en\/publications\/safety-data-sheets\/\",\"url\":\"https:\/\/www.llgrosist.si\/en\/publications\/safety-data-sheets\/\",\"name\":\"Safety data sheets | LL Grosist\",\"isPartOf\":{\"@id\":\"https:\/\/www.llgrosist.si\/#website\"},\"datePublished\":\"2022-11-27T17:21:47+00:00\",\"dateModified\":\"2023-12-03T15:17:03+00:00\",\"breadcrumb\":{\"@id\":\"https:\/\/www.llgrosist.si\/en\/publications\/safety-data-sheets\/#breadcrumb\"},\"inLanguage\":\"en-US\",\"potentialAction\":[{\"@type\":\"ReadAction\",\"target\":[\"https:\/\/www.llgrosist.si\/en\/publications\/safety-data-sheets\/\"]}]},{\"@type\":\"BreadcrumbList\",\"@id\":\"https:\/\/www.llgrosist.si\/en\/publications\/safety-data-sheets\/#breadcrumb\",\"itemListElement\":[{\"@type\":\"ListItem\",\"position\":1,\"name\":\"Home\",\"item\":\"https:\/\/www.llgrosist.si\/en\/\"},{\"@type\":\"ListItem\",\"position\":2,\"name\":\"Publications\",\"item\":\"https:\/\/www.llgrosist.si\/en\/publications\/\"},{\"@type\":\"ListItem\",\"position\":3,\"name\":\"Safety data sheets\"}]},{\"@type\":\"WebSite\",\"@id\":\"https:\/\/www.llgrosist.si\/#website\",\"url\":\"https:\/\/www.llgrosist.si\/\",\"name\":\"LL Grosist\",\"description\":\"\",\"publisher\":{\"@id\":\"https:\/\/www.llgrosist.si\/#organization\"},\"potentialAction\":[{\"@type\":\"SearchAction\",\"target\":{\"@type\":\"EntryPoint\",\"urlTemplate\":\"https:\/\/www.llgrosist.si\/?s={search_term_string}\"},\"query-input\":\"required name=search_term_string\"}],\"inLanguage\":\"en-US\"},{\"@type\":\"Organization\",\"@id\":\"https:\/\/www.llgrosist.si\/#organization\",\"name\":\"LL Grosist\",\"url\":\"https:\/\/www.llgrosist.si\/\",\"logo\":{\"@type\":\"ImageObject\",\"inLanguage\":\"en-US\",\"@id\":\"https:\/\/www.llgrosist.si\/#\/schema\/logo\/image\/\",\"url\":\"https:\/\/www.llgrosist.si\/wp-content\/uploads\/2022\/08\/ll-grosist-h.png\",\"contentUrl\":\"https:\/\/www.llgrosist.si\/wp-content\/uploads\/2022\/08\/ll-grosist-h.png\",\"width\":913,\"height\":244,\"caption\":\"LL Grosist\"},\"image\":{\"@id\":\"https:\/\/www.llgrosist.si\/#\/schema\/logo\/image\/\"}}]}<\/script>\r\n<!-- \/ Yoast SEO plugin. -->","yoast_head_json":{"title":"Safety data sheets | LL Grosist","robots":{"index":"index","follow":"follow","max-snippet":"max-snippet:-1","max-image-preview":"max-image-preview:large","max-video-preview":"max-video-preview:-1"},"canonical":"https:\/\/www.llgrosist.si\/en\/publications\/safety-data-sheets\/","og_locale":"en_US","og_type":"article","og_title":"Safety data sheets | LL Grosist","og_description":"Acetocaustin Abasaglar After Bite Kids krema Artsana sport hladilno pr\u0161ilo Bacillol rob\u010dki Bens 30 pr\u0161ilo Bens natural pr\u0161ilo Bionect Silverspray Cicatridina pr\u0161ilo Corega \u010distilne tablete Desderman pure gel Desderman pure razt Desmanol pure razt Dezikim derm S1 Ecocid Effect 25 EC Effect Ghurka protect Effect insekticid proti osam in sr\u0161enom Excalibur protimikrobni sprej za obutev [&hellip;]","og_url":"https:\/\/www.llgrosist.si\/en\/publications\/safety-data-sheets\/","og_site_name":"LL Grosist","article_modified_time":"2023-12-03T15:17:03+00:00","og_image":[{"width":1920,"height":1080,"url":"https:\/\/www.llgrosist.si\/wp-content\/uploads\/revslider\/yummy-burgers1\/LL-Grosist_Main.jpg","type":"image\/jpeg"}],"twitter_card":"summary_large_image","twitter_misc":{"Est. reading time":"3 minutes"},"schema":{"@context":"https:\/\/schema.org","@graph":[{"@type":"WebPage","@id":"https:\/\/www.llgrosist.si\/en\/publications\/safety-data-sheets\/","url":"https:\/\/www.llgrosist.si\/en\/publications\/safety-data-sheets\/","name":"Safety data sheets | LL Grosist","isPartOf":{"@id":"https:\/\/www.llgrosist.si\/#website"},"datePublished":"2022-11-27T17:21:47+00:00","dateModified":"2023-12-03T15:17:03+00:00","breadcrumb":{"@id":"https:\/\/www.llgrosist.si\/en\/publications\/safety-data-sheets\/#breadcrumb"},"inLanguage":"en-US","potentialAction":[{"@type":"ReadAction","target":["https:\/\/www.llgrosist.si\/en\/publications\/safety-data-sheets\/"]}]},{"@type":"BreadcrumbList","@id":"https:\/\/www.llgrosist.si\/en\/publications\/safety-data-sheets\/#breadcrumb","itemListElement":[{"@type":"ListItem","position":1,"name":"Home","item":"https:\/\/www.llgrosist.si\/en\/"},{"@type":"ListItem","position":2,"name":"Publications","item":"https:\/\/www.llgrosist.si\/en\/publications\/"},{"@type":"ListItem","position":3,"name":"Safety data sheets"}]},{"@type":"WebSite","@id":"https:\/\/www.llgrosist.si\/#website","url":"https:\/\/www.llgrosist.si\/","name":"LL Grosist","description":"","publisher":{"@id":"https:\/\/www.llgrosist.si\/#organization"},"potentialAction":[{"@type":"SearchAction","target":{"@type":"EntryPoint","urlTemplate":"https:\/\/www.llgrosist.si\/?s={search_term_string}"},"query-input":"required name=search_term_string"}],"inLanguage":"en-US"},{"@type":"Organization","@id":"https:\/\/www.llgrosist.si\/#organization","name":"LL Grosist","url":"https:\/\/www.llgrosist.si\/","logo":{"@type":"ImageObject","inLanguage":"en-US","@id":"https:\/\/www.llgrosist.si\/#\/schema\/logo\/image\/","url":"https:\/\/www.llgrosist.si\/wp-content\/uploads\/2022\/08\/ll-grosist-h.png","contentUrl":"https:\/\/www.llgrosist.si\/wp-content\/uploads\/2022\/08\/ll-grosist-h.png","width":913,"height":244,"caption":"LL Grosist"},"image":{"@id":"https:\/\/www.llgrosist.si\/#\/schema\/logo\/image\/"}}]}},"_links":{"self":[{"href":"https:\/\/www.llgrosist.si\/en\/wp-json\/wp\/v2\/pages\/1251"}],"collection":[{"href":"https:\/\/www.llgrosist.si\/en\/wp-json\/wp\/v2\/pages"}],"about":[{"href":"https:\/\/www.llgrosist.si\/en\/wp-json\/wp\/v2\/types\/page"}],"author":[{"embeddable":true,"href":"https:\/\/www.llgrosist.si\/en\/wp-json\/wp\/v2\/users\/1"}],"replies":[{"embeddable":true,"href":"https:\/\/www.llgrosist.si\/en\/wp-json\/wp\/v2\/comments?post=1251"}],"version-history":[{"count":1,"href":"https:\/\/www.llgrosist.si\/en\/wp-json\/wp\/v2\/pages\/1251\/revisions"}],"predecessor-version":[{"id":1252,"href":"https:\/\/www.llgrosist.si\/en\/wp-json\/wp\/v2\/pages\/1251\/revisions\/1252"}],"up":[{"embeddable":true,"href":"https:\/\/www.llgrosist.si\/en\/wp-json\/wp\/v2\/pages\/1247"}],"wp:featuredmedia":[{"embeddable":true,"href":"https:\/\/www.llgrosist.si\/en\/wp-json\/wp\/v2\/media\/812"}],"wp:attachment":[{"href":"https:\/\/www.llgrosist.si\/en\/wp-json\/wp\/v2\/media?parent=1251"}],"curies":[{"name":"wp","href":"https:\/\/api.w.org\/{rel}","templated":true}]}}